{"id":843,"date":"2024-06-17T11:27:39","date_gmt":"2024-06-17T11:27:39","guid":{"rendered":"https:\/\/calista.qodeinteractive.com\/?post_type=product&amp;p=843"},"modified":"2025-05-22T12:50:32","modified_gmt":"2025-05-22T12:50:32","slug":"face-drops","status":"publish","type":"product","link":"https:\/\/royaltyclinicbysapphire.com\/en\/product\/face-drops\/","title":{"rendered":"Face drops"},"content":{"rendered":"<p>Non consectetur a erat nam at lectus urna duis convallis. Sed elementum tempus egestas sed. Lorem ipsum dolor sit amet consectetur adipiscing elit pell en tesque habitant. Nulla aliquet porttitor lacus luctus accumsan tortor posuere ac ut. Dictumst vestibulum rhoncus est pellen tesque. Arcu non soda les neque sodales. Posuere morbi leo urna molestie at elementum eu facilisis sed. Potenti nullam ac tortor vitae purus faucibus ornare.<\/p>\n","protected":false},"excerpt":{"rendered":"<p>Sit amet cursus sit amet dictum. Odio morbi quis commodo odio aenean sed adipiscing. Pellentesque massa placerat duis ultricies consequat venes cras sed.<\/p>\n","protected":false},"featured_media":781,"comment_status":"open","ping_status":"closed","template":"","meta":{"nf_dc_page":"","om_disable_all_campaigns":false,"_monsterinsights_skip_tracking":false,"_monsterinsights_sitenote_active":false,"_monsterinsights_sitenote_note":"","_monsterinsights_sitenote_category":0},"product_brand":[],"product_cat":[50,55],"product_tag":[47,56],"class_list":{"0":"post-843","1":"product","2":"type-product","3":"status-publish","4":"has-post-thumbnail","6":"product_cat-skin","7":"product_cat-wellness","8":"product_tag-natural","9":"product_tag-wellness","11":"first","12":"instock","13":"shipping-taxable","14":"purchasable","15":"product-type-simple"},"yoast_head":"<!-- This site is optimized with the Yoast SEO plugin v27.6 - https:\/\/yoast.com\/product\/yoast-seo-wordpress\/ -->\n<title>Face drops - Royalty Clinic by Sapphire<\/title>\n<meta name=\"robots\" content=\"index, follow, max-snippet:-1, max-image-preview:large, max-video-preview:-1\" \/>\n<link rel=\"canonical\" href=\"https:\/\/royaltyclinicbysapphire.com\/en\/product\/face-drops\/\" \/>\n<meta property=\"og:locale\" content=\"en_US\" \/>\n<meta property=\"og:type\" content=\"article\" \/>\n<meta property=\"og:title\" content=\"Face drops - Royalty Clinic by Sapphire\" \/>\n<meta property=\"og:description\" content=\"Sit amet cursus sit amet dictum. Odio morbi quis commodo odio aenean sed adipiscing. Pellentesque massa placerat duis ultricies consequat venes cras sed.\" \/>\n<meta property=\"og:url\" content=\"https:\/\/royaltyclinicbysapphire.com\/en\/product\/face-drops\/\" \/>\n<meta property=\"og:site_name\" content=\"Royalty Clinic by Sapphire\" \/>\n<meta property=\"article:modified_time\" content=\"2025-05-22T12:50:32+00:00\" \/>\n<meta property=\"og:image\" content=\"https:\/\/i0.wp.com\/royaltyclinicbysapphire.com\/wp-content\/uploads\/2024\/06\/shop-img-4.jpg?fit=800%2C990&ssl=1\" \/>\n\t<meta property=\"og:image:width\" content=\"800\" \/>\n\t<meta property=\"og:image:height\" content=\"990\" \/>\n\t<meta property=\"og:image:type\" content=\"image\/jpeg\" \/>\n<meta name=\"twitter:card\" content=\"summary_large_image\" \/>\n<script type=\"application\/ld+json\" class=\"yoast-schema-graph\">{\"@context\":\"https:\\\/\\\/schema.org\",\"@graph\":[{\"@type\":\"WebPage\",\"@id\":\"https:\\\/\\\/royaltyclinicbysapphire.com\\\/en\\\/product\\\/face-drops\\\/\",\"url\":\"https:\\\/\\\/royaltyclinicbysapphire.com\\\/en\\\/product\\\/face-drops\\\/\",\"name\":\"Face drops - Royalty Clinic by Sapphire\",\"isPartOf\":{\"@id\":\"https:\\\/\\\/royaltyclinicbysapphire.com\\\/en\\\/#website\"},\"primaryImageOfPage\":{\"@id\":\"https:\\\/\\\/royaltyclinicbysapphire.com\\\/en\\\/product\\\/face-drops\\\/#primaryimage\"},\"image\":{\"@id\":\"https:\\\/\\\/royaltyclinicbysapphire.com\\\/en\\\/product\\\/face-drops\\\/#primaryimage\"},\"thumbnailUrl\":\"https:\\\/\\\/i0.wp.com\\\/royaltyclinicbysapphire.com\\\/wp-content\\\/uploads\\\/2024\\\/06\\\/shop-img-4.jpg?fit=800%2C990&ssl=1\",\"datePublished\":\"2024-06-17T11:27:39+00:00\",\"dateModified\":\"2025-05-22T12:50:32+00:00\",\"breadcrumb\":{\"@id\":\"https:\\\/\\\/royaltyclinicbysapphire.com\\\/en\\\/product\\\/face-drops\\\/#breadcrumb\"},\"inLanguage\":\"en-US\",\"potentialAction\":[{\"@type\":\"ReadAction\",\"target\":[\"https:\\\/\\\/royaltyclinicbysapphire.com\\\/en\\\/product\\\/face-drops\\\/\"]}]},{\"@type\":\"ImageObject\",\"inLanguage\":\"en-US\",\"@id\":\"https:\\\/\\\/royaltyclinicbysapphire.com\\\/en\\\/product\\\/face-drops\\\/#primaryimage\",\"url\":\"https:\\\/\\\/i0.wp.com\\\/royaltyclinicbysapphire.com\\\/wp-content\\\/uploads\\\/2024\\\/06\\\/shop-img-4.jpg?fit=800%2C990&ssl=1\",\"contentUrl\":\"https:\\\/\\\/i0.wp.com\\\/royaltyclinicbysapphire.com\\\/wp-content\\\/uploads\\\/2024\\\/06\\\/shop-img-4.jpg?fit=800%2C990&ssl=1\",\"width\":800,\"height\":990,\"caption\":\"d\"},{\"@type\":\"BreadcrumbList\",\"@id\":\"https:\\\/\\\/royaltyclinicbysapphire.com\\\/en\\\/product\\\/face-drops\\\/#breadcrumb\",\"itemListElement\":[{\"@type\":\"ListItem\",\"position\":1,\"name\":\"Home\",\"item\":\"https:\\\/\\\/royaltyclinicbysapphire.com\\\/en\\\/\"},{\"@type\":\"ListItem\",\"position\":2,\"name\":\"Shop\",\"item\":\"https:\\\/\\\/royaltyclinicbysapphire.com\\\/?page_id=11\"},{\"@type\":\"ListItem\",\"position\":3,\"name\":\"Face drops\"}]},{\"@type\":\"WebSite\",\"@id\":\"https:\\\/\\\/royaltyclinicbysapphire.com\\\/en\\\/#website\",\"url\":\"https:\\\/\\\/royaltyclinicbysapphire.com\\\/en\\\/\",\"name\":\"Royalty Clinic by Sapphire\",\"description\":\"Bukuri Mbret\u00ebrore, Kujdes i Jasht\u00ebzakonsh\u00ebm.\",\"potentialAction\":[{\"@type\":\"SearchAction\",\"target\":{\"@type\":\"EntryPoint\",\"urlTemplate\":\"https:\\\/\\\/royaltyclinicbysapphire.com\\\/en\\\/?s={search_term_string}\"},\"query-input\":{\"@type\":\"PropertyValueSpecification\",\"valueRequired\":true,\"valueName\":\"search_term_string\"}}],\"inLanguage\":\"en-US\"}]}<\/script>\n<!-- \/ Yoast SEO plugin. -->","yoast_head_json":{"title":"Face drops - Royalty Clinic by Sapphire","robots":{"index":"index","follow":"follow","max-snippet":"max-snippet:-1","max-image-preview":"max-image-preview:large","max-video-preview":"max-video-preview:-1"},"canonical":"https:\/\/royaltyclinicbysapphire.com\/en\/product\/face-drops\/","og_locale":"en_US","og_type":"article","og_title":"Face drops - Royalty Clinic by Sapphire","og_description":"Sit amet cursus sit amet dictum. Odio morbi quis commodo odio aenean sed adipiscing. Pellentesque massa placerat duis ultricies consequat venes cras sed.","og_url":"https:\/\/royaltyclinicbysapphire.com\/en\/product\/face-drops\/","og_site_name":"Royalty Clinic by Sapphire","article_modified_time":"2025-05-22T12:50:32+00:00","og_image":[{"width":800,"height":990,"url":"https:\/\/i0.wp.com\/royaltyclinicbysapphire.com\/wp-content\/uploads\/2024\/06\/shop-img-4.jpg?fit=800%2C990&ssl=1","type":"image\/jpeg"}],"twitter_card":"summary_large_image","schema":{"@context":"https:\/\/schema.org","@graph":[{"@type":"WebPage","@id":"https:\/\/royaltyclinicbysapphire.com\/en\/product\/face-drops\/","url":"https:\/\/royaltyclinicbysapphire.com\/en\/product\/face-drops\/","name":"Face drops - Royalty Clinic by Sapphire","isPartOf":{"@id":"https:\/\/royaltyclinicbysapphire.com\/en\/#website"},"primaryImageOfPage":{"@id":"https:\/\/royaltyclinicbysapphire.com\/en\/product\/face-drops\/#primaryimage"},"image":{"@id":"https:\/\/royaltyclinicbysapphire.com\/en\/product\/face-drops\/#primaryimage"},"thumbnailUrl":"https:\/\/i0.wp.com\/royaltyclinicbysapphire.com\/wp-content\/uploads\/2024\/06\/shop-img-4.jpg?fit=800%2C990&ssl=1","datePublished":"2024-06-17T11:27:39+00:00","dateModified":"2025-05-22T12:50:32+00:00","breadcrumb":{"@id":"https:\/\/royaltyclinicbysapphire.com\/en\/product\/face-drops\/#breadcrumb"},"inLanguage":"en-US","potentialAction":[{"@type":"ReadAction","target":["https:\/\/royaltyclinicbysapphire.com\/en\/product\/face-drops\/"]}]},{"@type":"ImageObject","inLanguage":"en-US","@id":"https:\/\/royaltyclinicbysapphire.com\/en\/product\/face-drops\/#primaryimage","url":"https:\/\/i0.wp.com\/royaltyclinicbysapphire.com\/wp-content\/uploads\/2024\/06\/shop-img-4.jpg?fit=800%2C990&ssl=1","contentUrl":"https:\/\/i0.wp.com\/royaltyclinicbysapphire.com\/wp-content\/uploads\/2024\/06\/shop-img-4.jpg?fit=800%2C990&ssl=1","width":800,"height":990,"caption":"d"},{"@type":"BreadcrumbList","@id":"https:\/\/royaltyclinicbysapphire.com\/en\/product\/face-drops\/#breadcrumb","itemListElement":[{"@type":"ListItem","position":1,"name":"Home","item":"https:\/\/royaltyclinicbysapphire.com\/en\/"},{"@type":"ListItem","position":2,"name":"Shop","item":"https:\/\/royaltyclinicbysapphire.com\/?page_id=11"},{"@type":"ListItem","position":3,"name":"Face drops"}]},{"@type":"WebSite","@id":"https:\/\/royaltyclinicbysapphire.com\/en\/#website","url":"https:\/\/royaltyclinicbysapphire.com\/en\/","name":"Royalty Clinic by Sapphire","description":"Bukuri Mbret\u00ebrore, Kujdes i Jasht\u00ebzakonsh\u00ebm.","potentialAction":[{"@type":"SearchAction","target":{"@type":"EntryPoint","urlTemplate":"https:\/\/royaltyclinicbysapphire.com\/en\/?s={search_term_string}"},"query-input":{"@type":"PropertyValueSpecification","valueRequired":true,"valueName":"search_term_string"}}],"inLanguage":"en-US"}]}},"jetpack_sharing_enabled":true,"_links":{"self":[{"href":"https:\/\/royaltyclinicbysapphire.com\/en\/wp-json\/wp\/v2\/product\/843","targetHints":{"allow":["GET"]}}],"collection":[{"href":"https:\/\/royaltyclinicbysapphire.com\/en\/wp-json\/wp\/v2\/product"}],"about":[{"href":"https:\/\/royaltyclinicbysapphire.com\/en\/wp-json\/wp\/v2\/types\/product"}],"replies":[{"embeddable":true,"href":"https:\/\/royaltyclinicbysapphire.com\/en\/wp-json\/wp\/v2\/comments?post=843"}],"wp:featuredmedia":[{"embeddable":true,"href":"https:\/\/royaltyclinicbysapphire.com\/en\/wp-json\/wp\/v2\/media\/781"}],"wp:attachment":[{"href":"https:\/\/royaltyclinicbysapphire.com\/en\/wp-json\/wp\/v2\/media?parent=843"}],"wp:term":[{"taxonomy":"product_brand","embeddable":true,"href":"https:\/\/royaltyclinicbysapphire.com\/en\/wp-json\/wp\/v2\/product_brand?post=843"},{"taxonomy":"product_cat","embeddable":true,"href":"https:\/\/royaltyclinicbysapphire.com\/en\/wp-json\/wp\/v2\/product_cat?post=843"},{"taxonomy":"product_tag","embeddable":true,"href":"https:\/\/royaltyclinicbysapphire.com\/en\/wp-json\/wp\/v2\/product_tag?post=843"}],"curies":[{"name":"wp","href":"https:\/\/api.w.org\/{rel}","templated":true}]}}